{"id":3906,"date":"2024-08-16T10:09:52","date_gmt":"2024-08-16T10:09:52","guid":{"rendered":"https:\/\/www.easy-compare.ch\/?page_id=3906"},"modified":"2024-08-16T10:09:52","modified_gmt":"2024-08-16T10:09:52","slug":"construction-and-renovation-request","status":"publish","type":"page","link":"https:\/\/www.easy-compare.ch\/?page_id=3906","title":{"rendered":"Construction and Renovation Request"},"content":{"rendered":"<div class=\"forminator-ui forminator-custom-form forminator-custom-form-3908 forminator-design--flat  forminator_ajax\" data-forminator-render=\"0\" data-form=\"forminator-module-3908\" data-uid=\"69e1e8f5d630d\"><br\/><\/div><form\r\n\t\t\t\tid=\"forminator-module-3908\"\r\n\t\t\t\tclass=\"forminator-ui forminator-custom-form forminator-custom-form-3908 forminator-design--flat  forminator_ajax\"\r\n\t\t\t\tmethod=\"post\"\r\n\t\t\t\tdata-forminator-render=\"0\"\r\n\t\t\t\tdata-form-id=\"3908\"\r\n\t\t\t\t\r\n\t\t\t\tdata-design=\"flat\"\r\n\t\t\t\t\r\n\t\t\t\t\r\n\t\t\t\t\r\n\t\t\t\tdata-grid=\"open\"\r\n\t\t\t\tenctype=\"multipart\/form-data\"\r\n\t\t\t\t\r\n\t\t\t\tstyle=\"display: none;\"\r\n\t\t\t\t\r\n\t\t\t\tdata-uid=\"69e1e8f5d630d\"\r\n\t\t\t><div role=\"alert\" aria-live=\"polite\" class=\"forminator-response-message forminator-error\" aria-hidden=\"true\"><\/div><div role=\"tablist\" class=\"forminator-pagination-steps\" aria-label=\"Pagination\"><\/div><div tabindex=\"0\" role=\"tabpanel\" id=\"forminator-custom-form-3908--page-0\" class=\"forminator-pagination forminator-pagination-start\" aria-labelledby=\"forminator-custom-form-3908--page-0-label\" data-step=\"0\" data-label=\"Finish\" data-name=\"page-break-1\"><div class=\"forminator-pagination--content\"><div class=\"forminator-row\"><div id=\"select-1\" class=\"forminator-field-select forminator-col forminator-col-12 \"><div class=\"forminator-field\"><label for=\"forminator-form-3908__field--select-1_69e1e8f5d630d\" id=\"forminator-form-3908__field--select-1_69e1e8f5d630d-label\" class=\"forminator-label\">W\u00e4hlen Sie Ihre Anfrageart: <span class=\"forminator-required\">*<\/span><\/label><select  id=\"forminator-form-3908__field--select-1_69e1e8f5d630d\" class=\"forminator-select--field forminator-select2 forminator-select2-multiple\" data-required=\"1\" name=\"select-1\" data-default-value=\"\" data-hidden-behavior=\"zero\" data-placeholder=\"Kategorie ausw\u00e4hlen\" data-search=\"false\" data-search-placeholder=\"Kategorie ausw\u00e4hlen\" data-checkbox=\"false\" data-allow-clear=\"false\" aria-labelledby=\"forminator-form-3908__field--select-1_69e1e8f5d630d-label\"><option value=\"\"  >Kategorie ausw\u00e4hlen<\/option><option value=\"one\"  data-calculation=\"0\">Konstruieren oder Renovieren<\/option><option value=\"Window-&amp;-Doors\"  data-calculation=\"0\">Fenster &amp; T\u00fcren<\/option><option value=\"two\"  data-calculation=\"0\">K\u00fcchenbauer<\/option><option value=\"Clearance-and-disposal\"  data-calculation=\"0\">Badezimmer-Baumeister<\/option><option value=\"Floor-Layers\"  data-calculation=\"0\">Bodenschichten<\/option><option value=\"International-Move\"  data-calculation=\"0\">Schreiner<\/option><\/select><\/div><\/div><\/div><div class=\"forminator-row\"><div id=\"date-1\" class=\"forminator-field-date forminator-col forminator-col-12 \"><div class=\"forminator-field\"><label for=\"forminator-field-date-1-picker_69e1e8f5d630d\" id=\"forminator-field-date-1-picker_69e1e8f5d630d-label\" class=\"forminator-label\">Datum <span class=\"forminator-required\">*<\/span><\/label><div class=\"forminator-input-with-icon\"><span class=\"forminator-icon-calendar\" aria-hidden=\"true\"><\/span><input autocomplete=\"off\" type=\"text\" size=\"1\" name=\"date-1\" value=\"\" placeholder=\"Datum ausw\u00e4hlen\" id=\"forminator-field-date-1-picker_69e1e8f5d630d\" class=\"forminator-input forminator-datepicker\" data-required=\"1\" data-format=\"mm\/dd\/yy\" data-restrict-type=\"\" data-restrict=\"\" data-start-year=\"1926\" data-end-year=\"2126\" data-past-dates=\"enable\" data-start-of-week=\"1\" data-start-date=\"\" data-end-date=\"\" data-start-field=\"\" data-end-field=\"\" data-start-offset=\"\" data-end-offset=\"\" data-disable-date=\"\" data-disable-range=\"\" \/><\/div><\/div><\/div><\/div><div class=\"forminator-row\"><div id=\"radio-1\" class=\"forminator-field-radio forminator-col forminator-col-12 \"><div role=\"radiogroup\" class=\"forminator-field\" aria-labelledby=\"forminator-radiogroup-69e1e8f5d630d-label\"><span id=\"forminator-radiogroup-69e1e8f5d630d-label\" class=\"forminator-label\">Flexibilit\u00e4t <span class=\"forminator-required\">*<\/span><\/span><label id=\"forminator-field-radio-1-label-1\" for=\"forminator-field-radio-1-1-69e1e8f5d630d\" class=\"forminator-radio forminator-radio-inline\" title=\"1 Tag\"><input type=\"radio\" name=\"radio-1\" value=\"one\" id=\"forminator-field-radio-1-1-69e1e8f5d630d\" aria-labelledby=\"forminator-field-radio-1-label-1\" data-calculation=\"0\"   data-hidden-behavior=\"zero\"\/><span class=\"forminator-radio-bullet\" aria-hidden=\"true\"><\/span><span class=\"forminator-radio-label\">1 Tag<\/span><\/label><label id=\"forminator-field-radio-1-label-2\" for=\"forminator-field-radio-1-2-69e1e8f5d630d\" class=\"forminator-radio forminator-radio-inline\" title=\"1 Woche\"><input type=\"radio\" name=\"radio-1\" value=\"two\" id=\"forminator-field-radio-1-2-69e1e8f5d630d\" aria-labelledby=\"forminator-field-radio-1-label-2\" data-calculation=\"0\"   data-hidden-behavior=\"zero\"\/><span class=\"forminator-radio-bullet\" aria-hidden=\"true\"><\/span><span class=\"forminator-radio-label\">1 Woche<\/span><\/label><label id=\"forminator-field-radio-1-label-3\" for=\"forminator-field-radio-1-3-69e1e8f5d630d\" class=\"forminator-radio forminator-radio-inline\" title=\"1 Monat\"><input type=\"radio\" name=\"radio-1\" value=\"1-Month\" id=\"forminator-field-radio-1-3-69e1e8f5d630d\" aria-labelledby=\"forminator-field-radio-1-label-3\" data-calculation=\"0\"   data-hidden-behavior=\"zero\"\/><span class=\"forminator-radio-bullet\" aria-hidden=\"true\"><\/span><span class=\"forminator-radio-label\">1 Monat<\/span><\/label><label id=\"forminator-field-radio-1-label-4\" for=\"forminator-field-radio-1-4-69e1e8f5d630d\" class=\"forminator-radio forminator-radio-inline\" title=\"Nein\"><input type=\"radio\" name=\"radio-1\" value=\"None\" id=\"forminator-field-radio-1-4-69e1e8f5d630d\" aria-labelledby=\"forminator-field-radio-1-label-4\" data-calculation=\"0\"   data-hidden-behavior=\"zero\"\/><span class=\"forminator-radio-bullet\" aria-hidden=\"true\"><\/span><span class=\"forminator-radio-label\">Nein<\/span><\/label><\/div><\/div><\/div><div class=\"forminator-row\"><div id=\"textarea-1\" class=\"forminator-field-textarea forminator-col forminator-col-12 \"><div class=\"forminator-field\"><textarea name=\"textarea-1\" placeholder=\"Bitte beschreiben Sie Ihr Projekt so genau wie m\u00f6glich, ohne Ihre Kontaktinformationen anzugeben\" id=\"forminator-field-textarea-1_69e1e8f5d630d\" class=\"forminator-textarea\" rows=\"6\" style=\"min-height:140px;\" ><\/textarea><\/div><\/div><\/div><div class=\"forminator-row\"><div id=\"upload-1\" class=\"forminator-field-upload forminator-col forminator-col-12 \"><div class=\"forminator-field\"><label for=\"forminator-field-upload-1_69e1e8f5d630d\" id=\"forminator-field-upload-1_69e1e8f5d630d-label\" class=\"forminator-label\">Laden Sie Fotos, Skizzen oder Pl\u00e4ne hoch, damit sich unsere Partner ein besseres Bild von Ihrem Projekt machen k\u00f6nnen.<\/label><div class=\"forminator-file-upload \" data-element=\"upload-1_69e1e8f5d630d\"><input type=\"file\" name=\"upload-1\" id=\"forminator-field-upload-1_69e1e8f5d630d\" class=\"forminator-input-file\" accept=\".jpg,.jpeg,.jpe,.gif,.png,.bmp,.tiff,.tif,.webp,.avif,.ico,.heic,.asf,.asx,.wmv,.wmx,.wm,.avi,.divx,.flv,.mov,.qt,.mpeg,.mpg,.mpe,.mp4,.m4v,.ogv,.webm,.mkv,.3gp,.3gpp,.3g2,.3gp2,.txt,.asc,.c,.cc,.h,.srt,.csv,.tsv,.ics,.rtx,.vtt,.mp3,.m4a,.m4b,.aac,.ra,.ram,.wav,.ogg,.oga,.flac,.mid,.midi,.wma,.wax,.mka,.rtf,.pdf,.class,.tar,.zip,.gz,.gzip,.rar,.7z,.psd,.xcf,.doc,.pot,.pps,.ppt,.wri,.xla,.xls,.xlt,.xlw,.mdb,.mpp,.docx,.docm,.dotx,.dotm,.xlsx,.xlsm,.xlsb,.xltx,.xltm,.xlam,.pptx,.pptm,.ppsx,.ppsm,.potx,.potm,.ppam,.sldx,.sldm,.onetoc,.onetoc2,.onetmp,.onepkg,.oxps,.xps,.odt,.odp,.ods,.odg,.odc,.odb,.odf,.wp,.wpd,.key,.numbers,.pages,.redux\"><button id=\"forminator-field-upload-1_69e1e8f5d630d_button\" class=\"forminator-button forminator-button-upload\" data-id=\"forminator-field-upload-1_69e1e8f5d630d\">Choose File<\/button><span data-empty-text=\"No file chosen\">No file chosen<\/span><button class=\"forminator-button-delete\" style=\"display: none;\"><i class=\"forminator-icon-close\" aria-hidden=\"true\"><\/i><span class=\"forminator-screen-reader-only\">Delete uploaded file<\/span><\/button><\/div><\/div><\/div><\/div><\/div><\/div><div tabindex=\"0\" role=\"tabpanel\" id=\"forminator-custom-form-3908--page-1\" class=\"forminator-pagination\" aria-labelledby=\"forminator-custom-form-3908--page-1-label\" aria-hidden=\"true\" data-step=\"1\" data-label=\"Page  1\" data-name=\"\" hidden><div class=\"forminator-pagination--content\"><div class=\"forminator-row\"><div id=\"select-7\" class=\"forminator-field-select forminator-col forminator-col-12 \"><div class=\"forminator-field\"><label for=\"forminator-form-3908__field--select-7_69e1e8f5d630d\" id=\"forminator-form-3908__field--select-7_69e1e8f5d630d-label\" class=\"forminator-label\">Titel <span class=\"forminator-required\">*<\/span><\/label><select  id=\"forminator-form-3908__field--select-7_69e1e8f5d630d\" class=\"forminator-select--field forminator-select2 forminator-select2-multiple\" data-required=\"1\" name=\"select-7\" data-default-value=\"\" data-hidden-behavior=\"zero\" data-placeholder=\"Bitte ausw\u00e4hlen\" data-search=\"false\" data-search-placeholder=\"Bitte ausw\u00e4hlen\" data-checkbox=\"false\" data-allow-clear=\"false\" aria-labelledby=\"forminator-form-3908__field--select-7_69e1e8f5d630d-label\"><option value=\"\"  >Bitte ausw\u00e4hlen<\/option><option value=\"one\"  data-calculation=\"0\">Herr<\/option><option value=\"two\"  data-calculation=\"0\">Frau<\/option><\/select><\/div><\/div><\/div><div class=\"forminator-row\"><div id=\"name-1\" class=\"forminator-field-name forminator-col forminator-col-12 \"><div class=\"forminator-field\"><label for=\"forminator-field-name-1_69e1e8f5d630d\" id=\"forminator-field-name-1_69e1e8f5d630d-label\" class=\"forminator-label\">Vorname <span class=\"forminator-required\">*<\/span><\/label><input type=\"text\" name=\"name-1\" value=\"\" placeholder=\"Name\" id=\"forminator-field-name-1_69e1e8f5d630d\" class=\"forminator-input forminator-name--field\" aria-required=\"true\" \/><\/div><\/div><\/div><div class=\"forminator-row\"><div id=\"name-2\" class=\"forminator-field-name forminator-col forminator-col-12 \"><div class=\"forminator-field\"><label for=\"forminator-field-name-2_69e1e8f5d630d\" id=\"forminator-field-name-2_69e1e8f5d630d-label\" class=\"forminator-label\">Nachname <span class=\"forminator-required\">*<\/span><\/label><input type=\"text\" name=\"name-2\" value=\"\" placeholder=\"Nachname\" id=\"forminator-field-name-2_69e1e8f5d630d\" class=\"forminator-input forminator-name--field\" aria-required=\"true\" \/><\/div><\/div><\/div><div class=\"forminator-row\"><div id=\"address-1\" class=\"forminator-field-address forminator-col forminator-col-12 \"><div class=\"forminator-row\"><div id=\"address-1-street_address\" class=\"forminator-col\"><div class=\"forminator-field\"><label for=\"forminator-field-address-1-street_address_69e1e8f5d630d\" id=\"forminator-field-address-1-street_address_69e1e8f5d630d-label\" class=\"forminator-label\">Addresse <span class=\"forminator-required\">*<\/span><\/label><input type=\"text\" name=\"address-1-street_address\" placeholder=\"Stra\u00dfe, Hausnr., Postleitzahl, Ort\" id=\"forminator-field-address-1-street_address_69e1e8f5d630d\" class=\"forminator-input\" data-required=\"1\" aria-required=\"true\" value=\"\" \/><\/div><\/div><\/div><\/div><\/div><div class=\"forminator-row\"><div id=\"phone-1\" class=\"forminator-field-phone forminator-col forminator-col-6 \"><div class=\"forminator-field\"><label for=\"forminator-field-phone-1_69e1e8f5d630d\" id=\"forminator-field-phone-1_69e1e8f5d630d-label\" class=\"forminator-label\">Telefon Nummer<\/label><input type=\"text\" name=\"phone-1\" value=\"\" placeholder=\"+41434334343\" id=\"forminator-field-phone-1_69e1e8f5d630d\" class=\"forminator-input forminator-field--phone\" data-required=\"\" aria-required=\"false\" autocomplete=\"off\" \/><\/div><\/div><div id=\"select-8\" class=\"forminator-field-select forminator-col forminator-col-6 \"><div class=\"forminator-field\"><label for=\"forminator-form-3908__field--select-8_69e1e8f5d630d\" id=\"forminator-form-3908__field--select-8_69e1e8f5d630d-label\" class=\"forminator-label\">Wann kann man Sie am besten telefonisch erreichen?<\/label><select multiple id=\"forminator-form-3908__field--select-8_69e1e8f5d630d\" class=\"forminator-select--field forminator-select2 forminator-select2-multiple\" data-required=\"\" name=\"select-8[]\" data-default-value=\"\" data-hidden-behavior=\"zero\" data-placeholder=\"\" data-search=\"false\" data-search-placeholder=\"Search\" data-checkbox=\"true\" data-allow-clear=\"true\" aria-labelledby=\"forminator-form-3908__field--select-8_69e1e8f5d630d-label\"><option value=\"one\"  data-calculation=\"0\">8am-12pm<\/option><option value=\"two\"  data-calculation=\"0\">12pm-1pm<\/option><option value=\"1pm-5pm\"  data-calculation=\"0\">1pm-5pm<\/option><option value=\"5pm-8pm\"  data-calculation=\"0\">5pm-8pm<\/option><option value=\"from-8pm\"  data-calculation=\"0\">from 8pm<\/option><\/select><\/div><\/div><\/div><div class=\"forminator-row\"><div id=\"email-1\" class=\"forminator-field-email forminator-col forminator-col-12 \"><div class=\"forminator-field\"><label for=\"forminator-field-email-1_69e1e8f5d630d\" id=\"forminator-field-email-1_69e1e8f5d630d-label\" class=\"forminator-label\">Email Addresse <span class=\"forminator-required\">*<\/span><\/label><input type=\"email\" name=\"email-1\" value=\"\" placeholder=\"\" id=\"forminator-field-email-1_69e1e8f5d630d\" class=\"forminator-input forminator-email--field\" data-required=\"1\" aria-required=\"true\" \/><\/div><\/div><\/div><div class=\"forminator-row\"><div id=\"consent-1\" class=\"forminator-field-consent forminator-col forminator-col-12 \"><div class=\"forminator-field\"><div class=\"forminator-checkbox__wrapper\"><label for=\"forminator-field-consent-1_69e1e8f5d630d\" id=\"forminator-field-consent-1_69e1e8f5d630d__label\" class=\"forminator-checkbox forminator-consent\"><input type=\"checkbox\" name=\"consent-1\" id=\"forminator-field-consent-1_69e1e8f5d630d\" value=\"checked\" aria-labelledby=\"forminator-field-consent-1_69e1e8f5d630d-label\" aria-describedby=\"forminator-field-consent-1_69e1e8f5d630d__description\" data-required=\"true\" aria-required=\"true\" \/><span class=\"forminator-checkbox-box\" aria-hidden=\"true\"><\/span><\/label><div id=\"forminator-field-consent-1_69e1e8f5d630d__description\" class=\"forminator-checkbox__label forminator-consent__label\"><p>Ich habe die <strong><a href=\"https:\/\/www.easy-compare.ch\/?page_id=3939\">Allgemeinen Gesch\u00e4ftsbedingungen<\/a> <\/strong>und die <a href=\"https:\/\/www.easy-compare.ch\/?page_id=3945\"><strong>Datenschutzrichtlinie<\/strong> <\/a>gelesen und stimme ihnen zu.<\/p><\/div><\/div><\/div><\/div><\/div><\/div><button class=\"forminator-button forminator-pagination-submit\" style=\"display: none;\" disabled>Send Message<\/button><\/div><input type=\"hidden\" name=\"referer_url\" value=\"\" \/><input type=\"hidden\" id=\"forminator_nonce\" name=\"forminator_nonce\" value=\"c3ed732620\" \/><input type=\"hidden\" name=\"_wp_http_referer\" value=\"\/index.php?rest_route=%2Fwp%2Fv2%2Fpages%2F3906\" \/><input type=\"hidden\" name=\"form_id\" value=\"3908\"><input type=\"hidden\" name=\"page_id\" value=\"3906\"><input type=\"hidden\" name=\"form_type\" value=\"default\"><input type=\"hidden\" name=\"current_url\" value=\"https:\/\/www.easy-compare.ch\/?page_id=3906\"><input type=\"hidden\" name=\"render_id\" value=\"0\"><input type=\"hidden\" name=\"action\" value=\"forminator_submit_form_custom-forms\"><\/form>\n","protected":false},"excerpt":{"rendered":"W\u00e4hlen Sie Ihre Anfrageart: *Kategorie ausw\u00e4hlenKonstruieren oder RenovierenFenster &amp; T\u00fcrenK\u00fcchenbauerBadezimmer-BaumeisterBodenschichtenSchreinerDatum *Flexibilit\u00e4t *1 Tag1 Woche1 MonatNeinLaden Sie Fotos, Skizzen oder Pl\u00e4ne hoch, damit sich unsere Partner ein besseres Bild von Ihrem Projekt machen k\u00f6nnen.Choose FileNo file chosenDelete uploaded fileTitel *Bitte ausw\u00e4hlenHerrFrauVorname *Nachname *Addresse *Telefon NummerWann kann man Sie am besten telefonisch erreichen?8am-12pm12pm-1pm1pm-5pm5pm-8pmfrom 8pmEmail Addresse *Ich habe [...]","protected":false},"author":1,"featured_media":0,"parent":0,"menu_order":0,"comment_status":"closed","ping_status":"closed","template":"","meta":{"om_disable_all_campaigns":false,"_monsterinsights_skip_tracking":false,"_monsterinsights_sitenote_active":false,"_monsterinsights_sitenote_note":"","_monsterinsights_sitenote_category":0,"footnotes":""},"class_list":["post-3906","page","type-page","status-publish","hentry"],"aioseo_notices":[],"_links":{"self":[{"href":"https:\/\/www.easy-compare.ch\/index.php?rest_route=\/wp\/v2\/pages\/3906","targetHints":{"allow":["GET"]}}],"collection":[{"href":"https:\/\/www.easy-compare.ch\/index.php?rest_route=\/wp\/v2\/pages"}],"about":[{"href":"https:\/\/www.easy-compare.ch\/index.php?rest_route=\/wp\/v2\/types\/page"}],"author":[{"embeddable":true,"href":"https:\/\/www.easy-compare.ch\/index.php?rest_route=\/wp\/v2\/users\/1"}],"replies":[{"embeddable":true,"href":"https:\/\/www.easy-compare.ch\/index.php?rest_route=%2Fwp%2Fv2%2Fcomments&post=3906"}],"version-history":[{"count":2,"href":"https:\/\/www.easy-compare.ch\/index.php?rest_route=\/wp\/v2\/pages\/3906\/revisions"}],"predecessor-version":[{"id":3915,"href":"https:\/\/www.easy-compare.ch\/index.php?rest_route=\/wp\/v2\/pages\/3906\/revisions\/3915"}],"wp:attachment":[{"href":"https:\/\/www.easy-compare.ch\/index.php?rest_route=%2Fwp%2Fv2%2Fmedia&parent=3906"}],"curies":[{"name":"wp","href":"https:\/\/api.w.org\/{rel}","templated":true}]}}